{"id":141,"date":"2024-08-31T20:29:45","date_gmt":"2024-08-31T18:29:45","guid":{"rendered":"https:\/\/kimeko.digital-hub.sh\/?page_id=141"},"modified":"2025-12-08T10:28:30","modified_gmt":"2025-12-08T09:28:30","slug":"impressum","status":"publish","type":"page","link":"https:\/\/kimeko.digital-hub.sh\/index.php\/impressum\/","title":{"rendered":"Impressum"},"content":{"rendered":"\t\t<div data-elementor-type=\"wp-page\" data-elementor-id=\"141\" class=\"elementor elementor-141\" data-elementor-post-type=\"page\">\n\t\t\t\t<div class=\"elementor-element elementor-element-3975379 e-flex e-con-boxed e-con e-parent\" data-id=\"3975379\" data-element_type=\"container\">\n\t\t\t\t\t<div class=\"e-con-inner\">\n\t\t\t\t<div class=\"elementor-element elementor-element-4cc994f elementor-widget elementor-widget-heading\" data-id=\"4cc994f\" data-element_type=\"widget\" data-widget_type=\"heading.default\">\n\t\t\t\t<div class=\"elementor-widget-container\">\n\t\t\t\t\t<h2 class=\"elementor-heading-title elementor-size-default\">Impressum<\/h2>\t\t\t\t<\/div>\n\t\t\t\t<\/div>\n\t\t\t\t\t<\/div>\n\t\t\t\t<\/div>\n\t\t<div class=\"elementor-element elementor-element-1d25070 e-flex e-con-boxed e-con e-parent\" data-id=\"1d25070\" data-element_type=\"container\">\n\t\t\t\t\t<div class=\"e-con-inner\">\n\t\t\t\t<div class=\"elementor-element elementor-element-e0a2186 elementor-widget elementor-widget-heading\" data-id=\"e0a2186\" data-element_type=\"widget\" data-widget_type=\"heading.default\">\n\t\t\t\t<div class=\"elementor-widget-container\">\n\t\t\t\t\t<h2 class=\"elementor-heading-title elementor-size-default\"><h3 style=\"font-size: 30px; font-weight: inherit; line-height: 2rem; color: rgb(128, 128, 128); font-family: Raleway, sans-serif; white-space-collapse: collapse;\">Angaben gem\u00e4\u00df \u00a7 5 TMG<span style=\"color: var( --e-global-color-primary ); font-family: var( --e-global-typography-primary-font-family ), Sans-serif; font-size: 2rem; font-weight: var( --e-global-typography-primary-font-weight ); text-align: var(--text-align); white-space-collapse: preserve;\"><\/span><\/h3><\/h2>\t\t\t\t<\/div>\n\t\t\t\t<\/div>\n\t\t\t\t\t<\/div>\n\t\t\t\t<\/div>\n\t\t<div class=\"elementor-element elementor-element-f5c991b e-flex e-con-boxed e-con e-parent\" data-id=\"f5c991b\" data-element_type=\"container\">\n\t\t\t\t\t<div class=\"e-con-inner\">\n\t\t\t\t<div class=\"elementor-element elementor-element-f0fa9a7 elementor-widget elementor-widget-text-editor\" data-id=\"f0fa9a7\" data-element_type=\"widget\" data-widget_type=\"text-editor.default\">\n\t\t\t\t<div class=\"elementor-widget-container\">\n\t\t\t\t\t\t\t\t\t<p><span style=\"color: #808080; font-family: Raleway, sans-serif; font-size: 20px;\">UniTransferKlinik GmbH<\/span><br style=\"color: #808080; font-family: Raleway, sans-serif; font-size: 20px;\" \/><span style=\"color: #808080; font-family: Raleway, sans-serif; font-size: 20px;\">Maria-Goeppert-Stra\u00dfe 1<\/span><br style=\"color: #808080; font-family: Raleway, sans-serif; font-size: 20px;\" \/><span style=\"color: #808080; font-family: Raleway, sans-serif; font-size: 20px;\">23562 L\u00fcbeck<\/span><\/p>\t\t\t\t\t\t\t\t<\/div>\n\t\t\t\t<\/div>\n\t\t\t\t\t<\/div>\n\t\t\t\t<\/div>\n\t\t<div class=\"elementor-element elementor-element-a05bc36 e-flex e-con-boxed e-con e-parent\" data-id=\"a05bc36\" data-element_type=\"container\">\n\t\t\t\t\t<div class=\"e-con-inner\">\n\t\t\t\t<div class=\"elementor-element elementor-element-7704251 elementor-widget elementor-widget-heading\" data-id=\"7704251\" data-element_type=\"widget\" data-widget_type=\"heading.default\">\n\t\t\t\t<div class=\"elementor-widget-container\">\n\t\t\t\t\t<h2 class=\"elementor-heading-title elementor-size-default\"><strong style=\"font-weight: bold; color: rgb(128, 128, 128); font-family: Raleway, sans-serif; font-size: 20px; white-space-collapse: collapse;\">Vertreten durch:<\/strong><br><span style=\"color: rgb(128, 128, 128); font-family: Raleway, sans-serif; font-size: 20px; font-weight: 400; text-align: left; white-space-collapse: collapse;\">Prof. Dr. Martin Leucker<\/span><strong style=\"font-weight: bold; color: rgb(128, 128, 128); font-family: Raleway, sans-serif; font-size: 20px; white-space-collapse: collapse;\"><br><\/strong><\/h2>\t\t\t\t<\/div>\n\t\t\t\t<\/div>\n\t\t\t\t\t<\/div>\n\t\t\t\t<\/div>\n\t\t<div class=\"elementor-element elementor-element-6fe4b45 e-flex e-con-boxed e-con e-parent\" data-id=\"6fe4b45\" data-element_type=\"container\">\n\t\t\t\t\t<div class=\"e-con-inner\">\n\t\t\t\t<div class=\"elementor-element elementor-element-b1fb35b elementor-widget elementor-widget-heading\" data-id=\"b1fb35b\" data-element_type=\"widget\" data-widget_type=\"heading.default\">\n\t\t\t\t<div class=\"elementor-widget-container\">\n\t\t\t\t\t<h2 class=\"elementor-heading-title elementor-size-default\"><h3 style=\"font-size: 30px; font-weight: inherit; line-height: 2rem; color: rgb(128, 128, 128); font-family: Raleway, sans-serif; white-space-collapse: collapse;\">Kontakt<span style=\"color: var( --e-global-color-primary ); font-family: var( --e-global-typography-primary-font-family ), Sans-serif; font-size: 2rem; font-weight: var( --e-global-typography-primary-font-weight ); white-space-collapse: preserve; text-align: var(--text-align);\"><\/span><\/h3><\/h2>\t\t\t\t<\/div>\n\t\t\t\t<\/div>\n\t\t\t\t\t<\/div>\n\t\t\t\t<\/div>\n\t\t<div class=\"elementor-element elementor-element-fe075e5 e-flex e-con-boxed e-con e-parent\" data-id=\"fe075e5\" data-element_type=\"container\">\n\t\t\t\t\t<div class=\"e-con-inner\">\n\t\t\t\t<div class=\"elementor-element elementor-element-9388bc4 elementor-widget elementor-widget-text-editor\" data-id=\"9388bc4\" data-element_type=\"widget\" data-widget_type=\"text-editor.default\">\n\t\t\t\t<div class=\"elementor-widget-container\">\n\t\t\t\t\t\t\t\t\t<p><span style=\"color: #808080; font-family: Raleway, sans-serif; font-size: 20px;\">Telefon: +49 (0) 451 \u2013 3101 6500<\/span><br style=\"color: #808080; font-family: Raleway, sans-serif; font-size: 20px;\" \/><span style=\"color: #808080; font-family: Raleway, sans-serif; font-size: 20px;\">Telefax: +49 (0) 451 &#8211; 2903 333<\/span><br style=\"color: #808080; font-family: Raleway, sans-serif; font-size: 20px;\" \/><span style=\"color: #808080; font-family: Raleway, sans-serif; font-size: 20px;\">E-Mail: info<\/span><span style=\"color: #808080; font-family: Raleway, sans-serif;\"><span style=\"font-size: 20px;\">@unitransferklinik.de<\/span><\/span><\/p>\t\t\t\t\t\t\t\t<\/div>\n\t\t\t\t<\/div>\n\t\t\t\t\t<\/div>\n\t\t\t\t<\/div>\n\t\t<div class=\"elementor-element elementor-element-8bccaa5 e-flex e-con-boxed e-con e-parent\" data-id=\"8bccaa5\" data-element_type=\"container\">\n\t\t\t\t\t<div class=\"e-con-inner\">\n\t\t\t\t<div class=\"elementor-element elementor-element-7fe0062 elementor-widget elementor-widget-heading\" data-id=\"7fe0062\" data-element_type=\"widget\" data-widget_type=\"heading.default\">\n\t\t\t\t<div class=\"elementor-widget-container\">\n\t\t\t\t\t<h2 class=\"elementor-heading-title elementor-size-default\"><h3 style=\"font-size: 30px; font-weight: inherit; line-height: 2rem; color: rgb(128, 128, 128); font-family: Raleway, sans-serif; white-space-collapse: collapse;\">Streitschlichtung<span style=\"color: var( --e-global-color-primary ); font-family: var( --e-global-typography-primary-font-family ), Sans-serif; font-size: 2rem; font-weight: var( --e-global-typography-primary-font-weight ); text-align: var(--text-align); white-space-collapse: preserve;\"><\/span><\/h3><\/h2>\t\t\t\t<\/div>\n\t\t\t\t<\/div>\n\t\t\t\t\t<\/div>\n\t\t\t\t<\/div>\n\t\t<div class=\"elementor-element elementor-element-5f30d02 e-flex e-con-boxed e-con e-parent\" data-id=\"5f30d02\" data-element_type=\"container\">\n\t\t\t\t\t<div class=\"e-con-inner\">\n\t\t\t\t<div class=\"elementor-element elementor-element-b225dd7 elementor-widget elementor-widget-text-editor\" data-id=\"b225dd7\" data-element_type=\"widget\" data-widget_type=\"text-editor.default\">\n\t\t\t\t<div class=\"elementor-widget-container\">\n\t\t\t\t\t\t\t\t\t<p style=\"font-size: 20px; line-height: 2rem; color: #808080; font-family: Raleway, sans-serif;\">Die Europ\u00e4ische Kommission stellt eine Plattform zur Online-Streitbeilegung (OS) bereit:\u00a0<a style=\"color: #de8d0f;\" href=\"https:\/\/ec.europa.eu\/consumers\/odr\">https:\/\/ec.europa.eu\/consumers\/odr<\/a>.<br \/>Unsere E-Mail-Adresse finden Sie oben im Impressum.<\/p><p style=\"font-size: 20px; line-height: 2rem; color: #808080; font-family: Raleway, sans-serif;\">Wir sind nicht bereit oder verpflichtet, an Streitbeilegungsverfahren vor einer Verbraucherschlichtungsstelle teilzunehmen.<\/p>\t\t\t\t\t\t\t\t<\/div>\n\t\t\t\t<\/div>\n\t\t\t\t\t<\/div>\n\t\t\t\t<\/div>\n\t\t<div class=\"elementor-element elementor-element-536104d e-flex e-con-boxed e-con e-parent\" data-id=\"536104d\" data-element_type=\"container\">\n\t\t\t\t\t<div class=\"e-con-inner\">\n\t\t\t\t<div class=\"elementor-element elementor-element-ab7e5a3 elementor-widget elementor-widget-heading\" data-id=\"ab7e5a3\" data-element_type=\"widget\" data-widget_type=\"heading.default\">\n\t\t\t\t<div class=\"elementor-widget-container\">\n\t\t\t\t\t<h2 class=\"elementor-heading-title elementor-size-default\"><h3 style=\"font-size: 30px; line-height: 2rem; color: rgb(128, 128, 128); font-family: Raleway, sans-serif; white-space-collapse: collapse;\"><b>Haftung f\u00fcr Inhalte<font color=\"rgba(0, 0, 0, 0)\" face=\"var( --e-global-typography-primary-font-family ), Sans-serif\"><span style=\"color: var( --e-global-color-primary ); font-family: var( --e-global-typography-primary-font-family ), Sans-serif; white-space-collapse: preserve; font-size: 2rem; text-align: var(--text-align);\"><\/span><\/font><\/b><\/h3><\/h2>\t\t\t\t<\/div>\n\t\t\t\t<\/div>\n\t\t\t\t\t<\/div>\n\t\t\t\t<\/div>\n\t\t<div class=\"elementor-element elementor-element-297dd51 e-flex e-con-boxed e-con e-parent\" data-id=\"297dd51\" data-element_type=\"container\">\n\t\t\t\t\t<div class=\"e-con-inner\">\n\t\t\t\t<div class=\"elementor-element elementor-element-a93350d elementor-widget elementor-widget-text-editor\" data-id=\"a93350d\" data-element_type=\"widget\" data-widget_type=\"text-editor.default\">\n\t\t\t\t<div class=\"elementor-widget-container\">\n\t\t\t\t\t\t\t\t\t<p style=\"font-size: 20px; line-height: 2rem; color: #808080; font-family: Raleway, sans-serif;\">Als Diensteanbieter sind wir gem\u00e4\u00df \u00a7 7 Abs.1 TMG f\u00fcr eigene Inhalte auf diesen Seiten nach den allgemeinen Gesetzen verantwortlich. Nach \u00a7\u00a7 8 bis 10 TMG sind wir als Diensteanbieter jedoch nicht verpflichtet, \u00fcbermittelte oder gespeicherte fremde Informationen zu \u00fcberwachen oder nach Umst\u00e4nden zu forschen, die auf eine rechtswidrige T\u00e4tigkeit hinweisen.<\/p><p style=\"font-size: 20px; line-height: 2rem; color: #808080; font-family: Raleway, sans-serif;\">Verpflichtungen zur Entfernung oder Sperrung der Nutzung von Informationen nach den allgemeinen Gesetzen bleiben hiervon unber\u00fchrt. Eine diesbez\u00fcgliche Haftung ist jedoch erst ab dem Zeitpunkt der Kenntnis einer konkreten Rechtsverletzung m\u00f6glich. Bei Bekanntwerden von entsprechenden Rechtsverletzungen werden wir diese Inhalte umgehend entfernen.<\/p>\t\t\t\t\t\t\t\t<\/div>\n\t\t\t\t<\/div>\n\t\t\t\t\t<\/div>\n\t\t\t\t<\/div>\n\t\t<div class=\"elementor-element elementor-element-7f42e33 e-flex e-con-boxed e-con e-parent\" data-id=\"7f42e33\" data-element_type=\"container\">\n\t\t\t\t\t<div class=\"e-con-inner\">\n\t\t\t\t<div class=\"elementor-element elementor-element-f989aac elementor-widget elementor-widget-heading\" data-id=\"f989aac\" data-element_type=\"widget\" data-widget_type=\"heading.default\">\n\t\t\t\t<div class=\"elementor-widget-container\">\n\t\t\t\t\t<h2 class=\"elementor-heading-title elementor-size-default\"><h3 style=\"font-size: 30px; font-weight: inherit; line-height: 2rem; color: rgb(128, 128, 128); font-family: Raleway, sans-serif; white-space-collapse: collapse;\">Haftung f\u00fcr Links<span style=\"color: var( --e-global-color-primary ); font-family: var( --e-global-typography-primary-font-family ), Sans-serif; font-size: 2rem; font-weight: var( --e-global-typography-primary-font-weight ); text-align: var(--text-align); white-space-collapse: preserve;\"><\/span><\/h3><\/h2>\t\t\t\t<\/div>\n\t\t\t\t<\/div>\n\t\t\t\t\t<\/div>\n\t\t\t\t<\/div>\n\t\t<div class=\"elementor-element elementor-element-d94d62c e-flex e-con-boxed e-con e-parent\" data-id=\"d94d62c\" data-element_type=\"container\">\n\t\t\t\t\t<div class=\"e-con-inner\">\n\t\t\t\t<div class=\"elementor-element elementor-element-a8507fc elementor-widget elementor-widget-text-editor\" data-id=\"a8507fc\" data-element_type=\"widget\" data-widget_type=\"text-editor.default\">\n\t\t\t\t<div class=\"elementor-widget-container\">\n\t\t\t\t\t\t\t\t\t<p style=\"font-size: 20px; line-height: 2rem; color: #808080; font-family: Raleway, sans-serif;\">Unser Angebot enth\u00e4lt Links zu externen Websites Dritter, auf deren Inhalte wir keinen Einfluss haben. Deshalb k\u00f6nnen wir f\u00fcr diese fremden Inhalte auch keine Gew\u00e4hr \u00fcbernehmen. F\u00fcr die Inhalte der verlinkten Seiten ist stets der jeweilige Anbieter oder Betreiber der Seiten verantwortlich. Die verlinkten Seiten wurden zum Zeitpunkt der Verlinkung auf m\u00f6gliche Rechtsverst\u00f6\u00dfe \u00fcberpr\u00fcft. Rechtswidrige Inhalte waren zum Zeitpunkt der Verlinkung nicht erkennbar.<\/p><p style=\"font-size: 20px; line-height: 2rem; color: #808080; font-family: Raleway, sans-serif;\">Eine permanente inhaltliche Kontrolle der verlinkten Seiten ist jedoch ohne konkrete Anhaltspunkte einer Rechtsverletzung nicht zumutbar. Bei Bekanntwerden von Rechtsverletzungen werden wir derartige Links umgehend entfernen.<\/p>\t\t\t\t\t\t\t\t<\/div>\n\t\t\t\t<\/div>\n\t\t\t\t\t<\/div>\n\t\t\t\t<\/div>\n\t\t<div class=\"elementor-element elementor-element-83fb337 e-flex e-con-boxed e-con e-parent\" data-id=\"83fb337\" data-element_type=\"container\">\n\t\t\t\t\t<div class=\"e-con-inner\">\n\t\t\t\t<div class=\"elementor-element elementor-element-9b2ae5e elementor-widget elementor-widget-heading\" data-id=\"9b2ae5e\" data-element_type=\"widget\" data-widget_type=\"heading.default\">\n\t\t\t\t<div class=\"elementor-widget-container\">\n\t\t\t\t\t<h2 class=\"elementor-heading-title elementor-size-default\"><h3 style=\"font-size: 30px; font-weight: inherit; line-height: 2rem; color: rgb(128, 128, 128); font-family: Raleway, sans-serif; white-space-collapse: collapse;\">Urheberrecht<span style=\"color: var( --e-global-color-primary ); font-family: var( --e-global-typography-primary-font-family ), Sans-serif; font-size: 2rem; font-weight: var( --e-global-typography-primary-font-weight ); text-align: var(--text-align); white-space-collapse: preserve;\"><\/span><\/h3><\/h2>\t\t\t\t<\/div>\n\t\t\t\t<\/div>\n\t\t\t\t\t<\/div>\n\t\t\t\t<\/div>\n\t\t<div class=\"elementor-element elementor-element-420dd98 e-flex e-con-boxed e-con e-parent\" data-id=\"420dd98\" data-element_type=\"container\">\n\t\t\t\t\t<div class=\"e-con-inner\">\n\t\t\t\t<div class=\"elementor-element elementor-element-81972b3 elementor-widget elementor-widget-text-editor\" data-id=\"81972b3\" data-element_type=\"widget\" data-widget_type=\"text-editor.default\">\n\t\t\t\t<div class=\"elementor-widget-container\">\n\t\t\t\t\t\t\t\t\t<p style=\"font-size: 20px; line-height: 2rem; color: #808080; font-family: Raleway, sans-serif;\">Die durch die Seitenbetreiber erstellten Inhalte und Werke auf diesen Seiten unterliegen dem deutschen Urheberrecht. Die Vervielf\u00e4ltigung, Bearbeitung, Verbreitung und jede Art der Verwertung au\u00dferhalb der Grenzen des Urheberrechtes bed\u00fcrfen der schriftlichen Zustimmung des jeweiligen Autors bzw. Erstellers. Downloads und Kopien dieser Seite sind nur f\u00fcr den privaten, nicht kommerziellen Gebrauch gestattet.<\/p><p style=\"font-size: 20px; line-height: 2rem; color: #808080; font-family: Raleway, sans-serif;\">Soweit die Inhalte auf dieser Seite nicht vom Betreiber erstellt wurden, werden die Urheberrechte Dritter beachtet. Insbesondere werden Inhalte Dritter als solche gekennzeichnet. Sollten Sie trotzdem auf eine Urheberrechtsverletzung aufmerksam werden, bitten wir um einen entsprechenden Hinweis. Bei Bekanntwerden von Rechtsverletzungen werden wir derartige Inhalte umgehend entfernen.<\/p>\t\t\t\t\t\t\t\t<\/div>\n\t\t\t\t<\/div>\n\t\t\t\t<div class=\"elementor-element elementor-element-449c4bc elementor-widget elementor-widget-heading\" data-id=\"449c4bc\" data-element_type=\"widget\" data-widget_type=\"heading.default\">\n\t\t\t\t<div class=\"elementor-widget-container\">\n\t\t\t\t\t<h2 class=\"elementor-heading-title elementor-size-default\"><h3 style=\"font-size: 30px; line-height: 2rem; color: rgb(128, 128, 128); font-family: Raleway, sans-serif; white-space-collapse: collapse;\"><b>F\u00f6rderung<font color=\"rgba(0, 0, 0, 0)\" face=\"var( --e-global-typography-primary-font-family ), Sans-serif\"><span style=\"color: var( --e-global-color-primary ); font-family: var( --e-global-typography-primary-font-family ), Sans-serif; white-space-collapse: preserve; font-size: 2rem; text-align: var(--text-align);\"><\/span><\/font><\/b><\/h3><\/h2>\t\t\t\t<\/div>\n\t\t\t\t<\/div>\n\t\t\t\t<div class=\"elementor-element elementor-element-0119e9e elementor-widget elementor-widget-text-editor\" data-id=\"0119e9e\" data-element_type=\"widget\" data-widget_type=\"text-editor.default\">\n\t\t\t\t<div class=\"elementor-widget-container\">\n\t\t\t\t\t\t\t\t\t<p>Das Projekt KI-Med Kollaborationsplattform (KiMeKo) ist gef\u00f6rdert durch das Bundesministerium f\u00fcr Bildung und Forschung.<\/p>\t\t\t\t\t\t\t\t<\/div>\n\t\t\t\t<\/div>\n\t\t\t\t\t<\/div>\n\t\t\t\t<\/div>\n\t\t\t\t<\/div>\n\t\t","protected":false},"excerpt":{"rendered":"<p>Impressum Angaben gem\u00e4\u00df \u00a7 5 TMG UniTransferKlinik GmbHMaria-Goeppert-Stra\u00dfe 123562 L\u00fcbeck Vertreten durch:Prof. Dr. Martin Leucker Kontakt Telefon: +49 (0) 451 \u2013 3101 6500Telefax: +49 (0) 451 &#8211; 2903 333E-Mail: info@unitransferklinik.de Streitschlichtung Die Europ\u00e4ische Kommission stellt eine Plattform zur Online-Streitbeilegung (OS) bereit:\u00a0https:\/\/ec.europa.eu\/consumers\/odr.Unsere E-Mail-Adresse finden Sie oben im Impressum. Wir sind nicht bereit oder verpflichtet, an Streitbeilegungsverfahren [&hellip;]<\/p>\n","protected":false},"author":2,"featured_media":0,"parent":0,"menu_order":0,"comment_status":"closed","ping_status":"closed","template":"","meta":{"footnotes":""},"class_list":["post-141","page","type-page","status-publish","hentry"],"_links":{"self":[{"href":"https:\/\/kimeko.digital-hub.sh\/index.php\/wp-json\/wp\/v2\/pages\/141","targetHints":{"allow":["GET"]}}],"collection":[{"href":"https:\/\/kimeko.digital-hub.sh\/index.php\/wp-json\/wp\/v2\/pages"}],"about":[{"href":"https:\/\/kimeko.digital-hub.sh\/index.php\/wp-json\/wp\/v2\/types\/page"}],"author":[{"embeddable":true,"href":"https:\/\/kimeko.digital-hub.sh\/index.php\/wp-json\/wp\/v2\/users\/2"}],"replies":[{"embeddable":true,"href":"https:\/\/kimeko.digital-hub.sh\/index.php\/wp-json\/wp\/v2\/comments?post=141"}],"version-history":[{"count":28,"href":"https:\/\/kimeko.digital-hub.sh\/index.php\/wp-json\/wp\/v2\/pages\/141\/revisions"}],"predecessor-version":[{"id":1533,"href":"https:\/\/kimeko.digital-hub.sh\/index.php\/wp-json\/wp\/v2\/pages\/141\/revisions\/1533"}],"wp:attachment":[{"href":"https:\/\/kimeko.digital-hub.sh\/index.php\/wp-json\/wp\/v2\/media?parent=141"}],"curies":[{"name":"wp","href":"https:\/\/api.w.org\/{rel}","templated":true}]}}